{"id":4,"date":"2021-02-09T04:43:22","date_gmt":"2021-02-09T04:43:22","guid":{"rendered":"http:\/\/laurabenech.net\/codes\/one-page-express\/"},"modified":"2021-07-21T04:37:06","modified_gmt":"2021-07-21T04:37:06","slug":"one-page-express","status":"publish","type":"page","link":"https:\/\/laurabenech.net\/codes\/","title":{"rendered":"PAISAJES"},"content":{"rendered":"<div id=\"intro\" class=\"about-big-images-section\" style=\"background-color: #f6f6f6;\" data-label=\"Intro\" data-id=\"about-big-images-section\" data-category=\"about\">\n<div class=\"gridContainer\">\n<div class=\"about-big-images-textrow\">\n<div class=\"about-big-images-textcol dynamic-color\" data-type=\"column\">\n<h3 class=\"\">El error como potencialidad<\/h3>\n<span class=\"\" style=\"font-family: Arial, sans-serif;\"><span style=\"font-size: medium;\">La alteraci\u00f3n de im\u00e1genes de paisajes del litoral argentino manipuladas como c\u00f3digo con textos de las patentes de semillas genera un juego de lecturas que expone diversas capas de informaci\u00f3n replicando una t\u00e9cnica de edici\u00f3n gen\u00e9tica. \u00bfC\u00f3mo modifica nuestro v\u00ednculo con la naturaleza la posibilidad de percibirla y explicarla como c\u00f3digo manipulable? Visibilizando cruces y v\u00ednculos conceptuales el proyecto busca contrastar estas pr\u00e1cticas contempor\u00e1neas a trav\u00e9s de met\u00e1foras visuales, para jugar con la idea de narrativas ocultas, cuestionar el enfoque tecno-cientificista que define a la naturaleza como una \u201cinvenci\u00f3n\u201d manipulable y patentable, y plantear preguntas abiertas.<\/span><\/span>\n\n<\/div>\n<a class=\"\" href=\"https:\/\/laurabenech.net\/codes\/wp-content\/uploads\/2021\/02\/codess.png\"><img loading=\"lazy\" decoding=\"async\" class=\"wp-image-43 aligncenter\" src=\"https:\/\/laurabenech.net\/codes\/wp-content\/uploads\/2021\/02\/codess-300x246.png\" sizes=\"auto, (max-width: 582px) 100vw, 582px\" srcset=\"https:\/\/laurabenech.net\/codes\/wp-content\/uploads\/2021\/02\/codess-300x246.png 300w, https:\/\/laurabenech.net\/codes\/wp-content\/uploads\/2021\/02\/codess-1024x840.png 1024w, https:\/\/laurabenech.net\/codes\/wp-content\/uploads\/2021\/02\/codess-768x630.png 768w, https:\/\/laurabenech.net\/codes\/wp-content\/uploads\/2021\/02\/codess.png 1317w\" alt=\"\" width=\"582\" height=\"477\" \/><\/a><a class=\"\" href=\"https:\/\/laurabenech.net\/codes\/wp-content\/uploads\/2021\/02\/El_codigo_es_el_paisaje_instalacion_CNB_2017-scaled.jpg\"><img loading=\"lazy\" decoding=\"async\" class=\"wp-image-42 aligncenter\" src=\"https:\/\/laurabenech.net\/codes\/wp-content\/uploads\/2021\/02\/El_codigo_es_el_paisaje_instalacion_CNB_2017-300x169.jpg\" sizes=\"auto, (max-width: 582px) 100vw, 582px\" srcset=\"https:\/\/laurabenech.net\/codes\/wp-content\/uploads\/2021\/02\/El_codigo_es_el_paisaje_instalacion_CNB_2017-300x169.jpg 300w, https:\/\/laurabenech.net\/codes\/wp-content\/uploads\/2021\/02\/El_codigo_es_el_paisaje_instalacion_CNB_2017-1024x576.jpg 1024w, https:\/\/laurabenech.net\/codes\/wp-content\/uploads\/2021\/02\/El_codigo_es_el_paisaje_instalacion_CNB_2017-768x432.jpg 768w, https:\/\/laurabenech.net\/codes\/wp-content\/uploads\/2021\/02\/El_codigo_es_el_paisaje_instalacion_CNB_2017-1536x864.jpg 1536w, https:\/\/laurabenech.net\/codes\/wp-content\/uploads\/2021\/02\/El_codigo_es_el_paisaje_instalacion_CNB_2017-2048x1152.jpg 2048w, https:\/\/laurabenech.net\/codes\/wp-content\/uploads\/2021\/02\/El_codigo_es_el_paisaje_instalacion_CNB_2017-1920x1080.jpg 1920w\" alt=\"\" width=\"582\" height=\"328\" \/><\/a>\n\n<\/div>\n<\/div>\n<div class=\"about-big-images-bottomrow\">\n<div class=\"about-big-images-leftimgcol\"><\/div>\n<\/div>\n<\/div>\n<div id=\"content-4\" class=\"content-right-image-section\" style=\"background-color: #f6f6f6;\" data-label=\"Content\" data-id=\"content-image-right\" data-category=\"content\">\n<div class=\"gridContainer\">\n<div class=\"content-right-image-gridcol\">\n<div class=\"content-right-image-textcol dynamic-color\" data-type=\"column\">\n<h2 class=\"\">Un proyecto que fue desplegando m\u00faltiples instancias<\/h2>\n<p class=\"large_text\"><\/p>\n<a class=\"button blue\" href=\"https:\/\/laurabenech.net\/codes\/documentacion\">documentaci\u00f3n<\/a>\n\n<\/div>\n<div class=\"content-right-image-imgcol\" data-type=\"column\"><a class=\"\" href=\"https:\/\/laurabenech.net\/codes\/wp-content\/uploads\/2021\/02\/37952439181_e527838c10_k.jpg\"><img loading=\"lazy\" decoding=\"async\" class=\"alignnone wp-image-45\" src=\"https:\/\/laurabenech.net\/codes\/wp-content\/uploads\/2021\/02\/37952439181_e527838c10_k-300x200.jpg\" sizes=\"auto, (max-width: 362px) 100vw, 362px\" srcset=\"https:\/\/laurabenech.net\/codes\/wp-content\/uploads\/2021\/02\/37952439181_e527838c10_k-300x200.jpg 300w, https:\/\/laurabenech.net\/codes\/wp-content\/uploads\/2021\/02\/37952439181_e527838c10_k-1024x683.jpg 1024w, https:\/\/laurabenech.net\/codes\/wp-content\/uploads\/2021\/02\/37952439181_e527838c10_k-768x512.jpg 768w, https:\/\/laurabenech.net\/codes\/wp-content\/uploads\/2021\/02\/37952439181_e527838c10_k-1536x1024.jpg 1536w, https:\/\/laurabenech.net\/codes\/wp-content\/uploads\/2021\/02\/37952439181_e527838c10_k-1620x1080.jpg 1620w, https:\/\/laurabenech.net\/codes\/wp-content\/uploads\/2021\/02\/37952439181_e527838c10_k.jpg 2048w\" alt=\"\" width=\"362\" height=\"241\" \/><\/a><\/div>\n<\/div>\n<\/div>\n<\/div>\n<div id=\"testimonials-1\" class=\"testimonials-boxed-section\" style=\"background-color: #f6f6f6;\" data-label=\"Testimonials\" data-id=\"testimonials-boxed-section\" data-category=\"testimonials\">\n<div class=\"gridContainer\">\n<div class=\"testimonials-boxed-textcol dynamic-color\" data-type=\"column\"><\/div>\n<div class=\"testimonials-boxed-itemsrow dark-text\" data-type=\"row\">\n<div class=\"testimonials-boxed-itemcol cp4cols cp6cols-tablet\">\n<div class=\"testimonials-boxed-itemcard\" data-type=\"column\">\n<h4 class=\"testimonials-boxed-itemtext\">Una invitaci\u00f3n de Lucas Mercado deriv\u00f3 en la hermosa experiencia de escribir \u201cRevervisibles\u201d y me permiti\u00f3 profundizar po\u00e9ticamente a trav\u00e9s de la palabra en el proyecto.<\/h4>\n<img decoding=\"async\" class=\"testimonials-boxed-itemimg\" src=\"https:\/\/laurabenech.net\/codes\/wp-content\/uploads\/2021\/02\/cropped-fondocodeislandscpae-scaled-2.jpg\" alt=\"\" data-size=\"500x500\" \/>\n\n<\/div>\n<\/div>\n<div class=\"testimonials-boxed-itemcol cp4cols cp6cols-tablet\">\n<div class=\"testimonials-boxed-itemcard\" data-type=\"column\">\n<h4 class=\"testimonials-boxed-itemtext\">Code is the Landscape fue seleccionado por el colectio italiano InAbsentia para participar en la Bienal internacional online The Wrong, 2019-2020<\/h4>\n<img decoding=\"async\" class=\"testimonials-boxed-itemimg\" src=\"https:\/\/laurabenech.net\/codes\/wp-content\/uploads\/2021\/02\/cropped-campo3-1.jpg\" alt=\"\" data-size=\"500x500\" \/>\n\n<\/div>\n<\/div>\n<div class=\"testimonials-boxed-itemcol cp4cols cp6cols-tablet\">\n<div class=\"testimonials-boxed-itemcard\" data-type=\"column\">\n<h4 class=\"testimonials-boxed-itemtext\">El c\u00f3digo es el paisaje, form\u00f3 parte de \u201cPensamiento Salvaje\u201d curadur\u00eda de Valeria Gonzalez para laprimer edici\u00f3n de la Bienal Sur en CNB, Buenos Aires, 2017<\/h4>\n<img decoding=\"async\" class=\"testimonials-boxed-itemimg\" src=\"https:\/\/laurabenech.net\/codes\/wp-content\/uploads\/2021\/02\/cropped-El_codigo_es_el_paisaje_instalacion_CNB_2017-scaled-2.jpg\" alt=\"\" data-size=\"500x500\" \/>\n\n<\/div>\n<\/div>\n<\/div>\n<\/div>\n<\/div>","protected":false},"excerpt":{"rendered":"<p>El error como potencialidad La alteraci\u00f3n de im\u00e1genes de paisajes del litoral argentino manipuladas como c\u00f3digo con textos de las patentes de semillas genera un juego de lecturas que expone diversas capas de informaci\u00f3n replicando una t\u00e9cnica de edici\u00f3n gen\u00e9tica. \u00bfC\u00f3mo modifica nuestro v\u00ednculo con la naturaleza la posibilidad de percibirla y explicarla como c\u00f3digo&hellip; <br \/> <a class=\"button small blue\" href=\"https:\/\/laurabenech.net\/codes\/\">Leer m\u00e1s<\/a><\/p>\n","protected":false},"author":2,"featured_media":0,"parent":0,"menu_order":0,"comment_status":"closed","ping_status":"closed","template":"","meta":{"footnotes":""},"class_list":["post-4","page","type-page","status-publish","hentry"],"_links":{"self":[{"href":"https:\/\/laurabenech.net\/codes\/wp-json\/wp\/v2\/pages\/4","targetHints":{"allow":["GET"]}}],"collection":[{"href":"https:\/\/laurabenech.net\/codes\/wp-json\/wp\/v2\/pages"}],"about":[{"href":"https:\/\/laurabenech.net\/codes\/wp-json\/wp\/v2\/types\/page"}],"author":[{"embeddable":true,"href":"https:\/\/laurabenech.net\/codes\/wp-json\/wp\/v2\/users\/2"}],"replies":[{"embeddable":true,"href":"https:\/\/laurabenech.net\/codes\/wp-json\/wp\/v2\/comments?post=4"}],"version-history":[{"count":22,"href":"https:\/\/laurabenech.net\/codes\/wp-json\/wp\/v2\/pages\/4\/revisions"}],"predecessor-version":[{"id":168,"href":"https:\/\/laurabenech.net\/codes\/wp-json\/wp\/v2\/pages\/4\/revisions\/168"}],"wp:attachment":[{"href":"https:\/\/laurabenech.net\/codes\/wp-json\/wp\/v2\/media?parent=4"}],"curies":[{"name":"wp","href":"https:\/\/api.w.org\/{rel}","templated":true}]}}