{"id":48,"date":"2021-04-30T03:15:05","date_gmt":"2021-04-30T03:15:05","guid":{"rendered":"https:\/\/laurabenech.net\/interface\/?page_id=48"},"modified":"2022-08-11T19:52:38","modified_gmt":"2022-08-11T19:52:38","slug":"participantes","status":"publish","type":"page","link":"https:\/\/laurabenech.net\/interface\/participantes\/","title":{"rendered":"Participantes"},"content":{"rendered":"\n<p>En 2022 retomamos el Laboratorio Interface (2) Como espacio de experimentaci\u00f3n y producci\u00f3n con tecnolog\u00edas digitales<\/p>\n\n\n\n<p>Participantes:<\/p>\n\n\n\n<p><br>Francisco Mainero<br>Gustavo Courault<br>Mar\u00eda Laura Godoy<br>Mart\u00edn Bayo<br>Roberto Moschen<br>Juan Pablo Molini<br><br><\/p>\n\n\n\n<p><\/p>\n\n\n\n<p>Participantes de la 1er edici\u00f3n de Interface, Laboratorio realizado con el Prof. Nestor Calvo:<\/p>\n\n\n\n<p>Francisco Mainero<br>Guido Bracalenti<br>Gerarda Lucero Fr\u00e1s<br>Luc\u00eda Tell<br>Francisco Centuri\u00f3n<br>Lola Orge Benech<br>Eugenia Escalas<br>Pilar <br>Nicol\u00e1s Prus<br>Carmela<br>Zefer\u00ed<br>Martina Bavorovsky<br>Stella Ticera<br><\/p>\n","protected":false},"excerpt":{"rendered":"<p>En 2022 retomamos el Laboratorio Interface (2) Como espacio de experimentaci\u00f3n y producci\u00f3n con tecnolog\u00edas digitales Participantes: Francisco MaineroGustavo CouraultMar\u00eda Laura GodoyMart\u00edn BayoRoberto MoschenJuan Pablo Molini Participantes de&#8230;<\/p>\n","protected":false},"author":2,"featured_media":0,"parent":0,"menu_order":0,"comment_status":"closed","ping_status":"closed","template":"","meta":{"footnotes":""},"class_list":["post-48","page","type-page","status-publish","hentry"],"_links":{"self":[{"href":"https:\/\/laurabenech.net\/interface\/wp-json\/wp\/v2\/pages\/48","targetHints":{"allow":["GET"]}}],"collection":[{"href":"https:\/\/laurabenech.net\/interface\/wp-json\/wp\/v2\/pages"}],"about":[{"href":"https:\/\/laurabenech.net\/interface\/wp-json\/wp\/v2\/types\/page"}],"author":[{"embeddable":true,"href":"https:\/\/laurabenech.net\/interface\/wp-json\/wp\/v2\/users\/2"}],"replies":[{"embeddable":true,"href":"https:\/\/laurabenech.net\/interface\/wp-json\/wp\/v2\/comments?post=48"}],"version-history":[{"count":8,"href":"https:\/\/laurabenech.net\/interface\/wp-json\/wp\/v2\/pages\/48\/revisions"}],"predecessor-version":[{"id":73,"href":"https:\/\/laurabenech.net\/interface\/wp-json\/wp\/v2\/pages\/48\/revisions\/73"}],"wp:attachment":[{"href":"https:\/\/laurabenech.net\/interface\/wp-json\/wp\/v2\/media?parent=48"}],"curies":[{"name":"wp","href":"https:\/\/api.w.org\/{rel}","templated":true}]}}